{"id":46,"date":"2018-11-16T11:21:24","date_gmt":"2018-11-16T11:21:24","guid":{"rendered":"http:\/\/www.ludwigdove.de\/?page_id=46"},"modified":"2024-11-30T11:34:55","modified_gmt":"2024-11-30T11:34:55","slug":"reparaturlackierungen-instandsetzung","status":"publish","type":"page","link":"https:\/\/www.ludwigdove.de\/?page_id=46","title":{"rendered":"Reparaturlackierungen \/ Instandsetzung"},"content":{"rendered":"<p>Jeder Autofahrer\/in kennt das: Eine kleine Unachtsamkeit und der Schaden am Fahrzeug ist entstanden.<\/p>\n<p>Bei uns sind Sie in diesem Fall bestens aufgehoben. Manchmal sind es nur &#8222;Kratzer&#8220; oder &#8222;Beulen&#8220;, manchmal aber auch gro\u00dfe Sch\u00e4den.<\/p>\n<p>Je nach Schaden, haben wir die passende L\u00f6sung. Unser hochqualifiziertes Team setzt alles daran, um den Schaden optimal und kosteng\u00fcnstig\u00a0 zu reparieren.<\/p>\n<p>Modernste Technik erlauben uns, Farbt\u00f6ne so pr\u00e4zise wie m\u00f6glich herzustellen, um den Gesamtzustand des Fahrzeuges optisch wieder so her zurichten, als w\u00e4re der Schaden nie vorhanden gewesen.<\/p>\n<p>In vielen F\u00e4llen wird eine &#8222;smart repair&#8220; Lackierung eingesetzt. Das ist bei kleineren Sch\u00e4den m\u00f6glich. Dabei wird der Schaden &#8222;beilackiert&#8220;<\/p>\n<h2 style=\"text-align: center;\">Vom KFZ Schaden zum perfekten Reparaturergebnis.<\/h2>\n<p style=\"text-align: center;\"><div id=\"metaslider-id-188\" style=\"max-width: 800px; margin: 0 auto;\" class=\"ml-slider-3-106-0 metaslider metaslider-flex metaslider-188 ml-slider has-dots-nav ms-theme-default\" role=\"region\" aria-label=\"Vom KFZ Schaden zur perfekten Reparatur\" data-height=\"600\" data-width=\"800\">\n    <div id=\"metaslider_container_188\">\n        <div id=\"metaslider_188\">\n            <ul class='slides'>\n                <li style=\"display: block; width: 100%;\" class=\"slide-190 ms-image \" aria-roledescription=\"slide\" data-date=\"2020-06-23 09:42:33\" data-filename=\"1-800x600.jpg\" data-slide-type=\"image\"><img loading=\"lazy\" decoding=\"async\" src=\"https:\/\/www.ludwigdove.de\/wp-content\/uploads\/2020\/06\/1-800x600.jpg\" height=\"600\" width=\"800\" alt=\"Schadensgegutachtung\" class=\"slider-188 slide-190 msDefaultImage\" title=\"1\" \/><div class=\"caption-wrap\"><div class=\"caption\">Schaden einer KFZ T\u00fcr Begutachtung<\/div><\/div><\/li>\n                <li style=\"display: none; width: 100%;\" class=\"slide-192 ms-image \" aria-roledescription=\"slide\" data-date=\"2020-06-23 09:43:57\" data-filename=\"2-800x600.jpg\" data-slide-type=\"image\"><img loading=\"lazy\" decoding=\"async\" src=\"https:\/\/www.ludwigdove.de\/wp-content\/uploads\/2020\/06\/2-800x600.jpg\" height=\"600\" width=\"800\" alt=\"\" class=\"slider-188 slide-192 msDefaultImage\" title=\"2\" \/><div class=\"caption-wrap\"><div class=\"caption\">Vorbereitung zum \"ausbeulen\"<\/div><\/div><\/li>\n                <li style=\"display: none; width: 100%;\" class=\"slide-194 ms-image \" aria-roledescription=\"slide\" data-date=\"2020-06-23 09:44:54\" data-filename=\"3-800x600.jpg\" data-slide-type=\"image\"><img loading=\"lazy\" decoding=\"async\" src=\"https:\/\/www.ludwigdove.de\/wp-content\/uploads\/2020\/06\/3-800x600.jpg\" height=\"600\" width=\"800\" alt=\"\" class=\"slider-188 slide-194 msDefaultImage\" title=\"3\" \/><div class=\"caption-wrap\"><div class=\"caption\">Beulenverlauf markieren<\/div><\/div><\/li>\n                <li style=\"display: none; width: 100%;\" class=\"slide-196 ms-image \" aria-roledescription=\"slide\" data-date=\"2020-06-23 09:46:07\" data-filename=\"4-764x573.jpg\" data-slide-type=\"image\"><img loading=\"lazy\" decoding=\"async\" src=\"https:\/\/www.ludwigdove.de\/wp-content\/uploads\/2020\/06\/4-764x573.jpg\" height=\"600\" width=\"800\" alt=\"\" class=\"slider-188 slide-196 msDefaultImage\" title=\"4\" \/><div class=\"caption-wrap\"><div class=\"caption\">Zug\u00f6sen werden aufgeschwei\u00dft<\/div><\/div><\/li>\n                <li style=\"display: none; width: 100%;\" class=\"slide-198 ms-image \" aria-roledescription=\"slide\" data-date=\"2020-06-23 09:47:45\" data-filename=\"6-800x600.jpg\" data-slide-type=\"image\"><img loading=\"lazy\" decoding=\"async\" src=\"https:\/\/www.ludwigdove.de\/wp-content\/uploads\/2020\/06\/6-800x600.jpg\" height=\"600\" width=\"800\" alt=\"\" class=\"slider-188 slide-198 msDefaultImage\" title=\"6\" \/><div class=\"caption-wrap\"><div class=\"caption\">Oberfl\u00e4che wird wieder in Form gezogen<\/div><\/div><\/li>\n                <li style=\"display: none; width: 100%;\" class=\"slide-200 ms-image \" aria-roledescription=\"slide\" data-date=\"2020-06-23 09:48:52\" data-filename=\"7-764x573.jpg\" data-slide-type=\"image\"><img loading=\"lazy\" decoding=\"async\" src=\"https:\/\/www.ludwigdove.de\/wp-content\/uploads\/2020\/06\/7-764x573.jpg\" height=\"600\" width=\"800\" alt=\"\" class=\"slider-188 slide-200 msDefaultImage\" title=\"7\" \/><div class=\"caption-wrap\"><div class=\"caption\">Oberfl\u00e4che wird wieder in Form gezogen<\/div><\/div><\/li>\n                <li style=\"display: none; width: 100%;\" class=\"slide-202 ms-image \" aria-roledescription=\"slide\" data-date=\"2020-06-23 09:49:49\" data-filename=\"8-764x573.jpg\" data-slide-type=\"image\"><img loading=\"lazy\" decoding=\"async\" src=\"https:\/\/www.ludwigdove.de\/wp-content\/uploads\/2020\/06\/8-764x573.jpg\" height=\"600\" width=\"800\" alt=\"\" class=\"slider-188 slide-202 msDefaultImage\" title=\"8\" \/><div class=\"caption-wrap\"><div class=\"caption\">Zug\u00f6sen wieder entfernt<\/div><\/div><\/li>\n                <li style=\"display: none; width: 100%;\" class=\"slide-204 ms-image \" aria-roledescription=\"slide\" data-date=\"2020-06-23 09:50:38\" data-filename=\"9-764x573.jpg\" data-slide-type=\"image\"><img loading=\"lazy\" decoding=\"async\" src=\"https:\/\/www.ludwigdove.de\/wp-content\/uploads\/2020\/06\/9-764x573.jpg\" height=\"600\" width=\"800\" alt=\"\" class=\"slider-188 slide-204 msDefaultImage\" title=\"9\" \/><div class=\"caption-wrap\"><div class=\"caption\">Zinnersatz wird aufgebracht.<\/div><\/div><\/li>\n                <li style=\"display: none; width: 100%;\" class=\"slide-206 ms-image \" aria-roledescription=\"slide\" data-date=\"2020-06-23 09:51:34\" data-filename=\"10-764x573.jpg\" data-slide-type=\"image\"><img loading=\"lazy\" decoding=\"async\" src=\"https:\/\/www.ludwigdove.de\/wp-content\/uploads\/2020\/06\/10-764x573.jpg\" height=\"600\" width=\"800\" alt=\"\" class=\"slider-188 slide-206 msDefaultImage\" title=\"10\" \/><div class=\"caption-wrap\"><div class=\"caption\">Trockenvorgang mit Infrarotstrahler.<\/div><\/div><\/li>\n                <li style=\"display: none; width: 100%;\" class=\"slide-208 ms-image \" aria-roledescription=\"slide\" data-date=\"2020-06-23 09:52:39\" data-filename=\"11-764x573.jpg\" data-slide-type=\"image\"><img loading=\"lazy\" decoding=\"async\" src=\"https:\/\/www.ludwigdove.de\/wp-content\/uploads\/2020\/06\/11-764x573.jpg\" height=\"600\" width=\"800\" alt=\"\" class=\"slider-188 slide-208 msDefaultImage\" title=\"11\" \/><div class=\"caption-wrap\"><div class=\"caption\">Schleifen <\/div><\/div><\/li>\n                <li style=\"display: none; width: 100%;\" class=\"slide-210 ms-image \" aria-roledescription=\"slide\" data-date=\"2020-06-23 09:53:19\" data-filename=\"12-764x573.jpg\" data-slide-type=\"image\"><img loading=\"lazy\" decoding=\"async\" src=\"https:\/\/www.ludwigdove.de\/wp-content\/uploads\/2020\/06\/12-764x573.jpg\" height=\"600\" width=\"800\" alt=\"\" class=\"slider-188 slide-210 msDefaultImage\" title=\"12\" \/><div class=\"caption-wrap\"><div class=\"caption\">Spachteln mit 2 Komponenten Spachtel<\/div><\/div><\/li>\n                <li style=\"display: none; width: 100%;\" class=\"slide-212 ms-image \" aria-roledescription=\"slide\" data-date=\"2020-06-23 10:51:25\" data-filename=\"14-764x573.jpg\" data-slide-type=\"image\"><img loading=\"lazy\" decoding=\"async\" src=\"https:\/\/www.ludwigdove.de\/wp-content\/uploads\/2020\/06\/14-764x573.jpg\" height=\"600\" width=\"800\" alt=\"\" class=\"slider-188 slide-212 msDefaultImage\" title=\"14\" \/><div class=\"caption-wrap\"><div class=\"caption\">Reinigung der Fl\u00e4che<\/div><\/div><\/li>\n                <li style=\"display: none; width: 100%;\" class=\"slide-215 ms-image \" aria-roledescription=\"slide\" data-date=\"2020-06-23 10:52:39\" data-filename=\"15-764x573.jpg\" data-slide-type=\"image\"><img loading=\"lazy\" decoding=\"async\" src=\"https:\/\/www.ludwigdove.de\/wp-content\/uploads\/2020\/06\/15-764x573.jpg\" height=\"600\" width=\"800\" alt=\"\" class=\"slider-188 slide-215 msDefaultImage\" title=\"15\" \/><div class=\"caption-wrap\"><div class=\"caption\">Farbton ermitteln.<\/div><\/div><\/li>\n                <li style=\"display: none; width: 100%;\" class=\"slide-217 ms-image \" aria-roledescription=\"slide\" data-date=\"2020-06-23 10:53:35\" data-filename=\"16-764x573.jpg\" data-slide-type=\"image\"><img loading=\"lazy\" decoding=\"async\" src=\"https:\/\/www.ludwigdove.de\/wp-content\/uploads\/2020\/06\/16-764x573.jpg\" height=\"600\" width=\"800\" alt=\"\" class=\"slider-188 slide-217 msDefaultImage\" title=\"16\" \/><div class=\"caption-wrap\"><div class=\"caption\">Gespachtelte Fl\u00e4che schleifen.<\/div><\/div><\/li>\n                <li style=\"display: none; width: 100%;\" class=\"slide-219 ms-image \" aria-roledescription=\"slide\" data-date=\"2020-06-23 10:54:38\" data-filename=\"17-764x573.jpg\" data-slide-type=\"image\"><img loading=\"lazy\" decoding=\"async\" src=\"https:\/\/www.ludwigdove.de\/wp-content\/uploads\/2020\/06\/17-764x573.jpg\" height=\"600\" width=\"800\" alt=\"\" class=\"slider-188 slide-219 msDefaultImage\" title=\"17\" \/><div class=\"caption-wrap\"><div class=\"caption\">Feinspachtel auftragen.<\/div><\/div><\/li>\n                <li style=\"display: none; width: 100%;\" class=\"slide-221 ms-image \" aria-roledescription=\"slide\" data-date=\"2020-06-23 10:55:39\" data-filename=\"18-764x573.jpg\" data-slide-type=\"image\"><img loading=\"lazy\" decoding=\"async\" src=\"https:\/\/www.ludwigdove.de\/wp-content\/uploads\/2020\/06\/18-764x573.jpg\" height=\"600\" width=\"800\" alt=\"\" class=\"slider-188 slide-221 msDefaultImage\" title=\"18\" \/><div class=\"caption-wrap\"><div class=\"caption\">Trockenvorgang mit Infrarotstrahler.<\/div><\/div><\/li>\n                <li style=\"display: none; width: 100%;\" class=\"slide-223 ms-image \" aria-roledescription=\"slide\" data-date=\"2020-06-23 10:56:24\" data-filename=\"19-800x600.jpg\" data-slide-type=\"image\"><img loading=\"lazy\" decoding=\"async\" src=\"https:\/\/www.ludwigdove.de\/wp-content\/uploads\/2020\/06\/19-800x600.jpg\" height=\"600\" width=\"800\" alt=\"\" class=\"slider-188 slide-223 msDefaultImage\" title=\"19\" \/><div class=\"caption-wrap\"><div class=\"caption\">Nochmaliges schleifen.<\/div><\/div><\/li>\n                <li style=\"display: none; width: 100%;\" class=\"slide-227 ms-image \" aria-roledescription=\"slide\" data-date=\"2020-06-23 10:58:32\" data-filename=\"21-800x600.jpg\" data-slide-type=\"image\"><img loading=\"lazy\" decoding=\"async\" src=\"https:\/\/www.ludwigdove.de\/wp-content\/uploads\/2020\/06\/21-800x600.jpg\" height=\"600\" width=\"800\" alt=\"\" class=\"slider-188 slide-227 msDefaultImage\" title=\"21\" \/><div class=\"caption-wrap\"><div class=\"caption\">Abkleben der benachbarten Fl\u00e4chen und reinigen.<\/div><\/div><\/li>\n                <li style=\"display: none; width: 100%;\" class=\"slide-229 ms-image \" aria-roledescription=\"slide\" data-date=\"2020-06-23 10:59:58\" data-filename=\"20-800x600.jpg\" data-slide-type=\"image\"><img loading=\"lazy\" decoding=\"async\" src=\"https:\/\/www.ludwigdove.de\/wp-content\/uploads\/2020\/06\/20-800x600.jpg\" height=\"600\" width=\"800\" alt=\"\" class=\"slider-188 slide-229 msDefaultImage\" title=\"20\" \/><div class=\"caption-wrap\"><div class=\"caption\">Grundierung  und Trocknung.<\/div><\/div><\/li>\n                <li style=\"display: none; width: 100%;\" class=\"slide-231 ms-image \" aria-roledescription=\"slide\" data-date=\"2020-06-23 11:01:19\" data-filename=\"22-800x600.jpg\" data-slide-type=\"image\"><img loading=\"lazy\" decoding=\"async\" src=\"https:\/\/www.ludwigdove.de\/wp-content\/uploads\/2020\/06\/22-800x600.jpg\" height=\"600\" width=\"800\" alt=\"\" class=\"slider-188 slide-231 msDefaultImage\" title=\"22\" \/><div class=\"caption-wrap\"><div class=\"caption\">Schleifen und anschlie\u00dfend reinigen.<\/div><\/div><\/li>\n                <li style=\"display: none; width: 100%;\" class=\"slide-233 ms-image \" aria-roledescription=\"slide\" data-date=\"2020-06-23 11:02:59\" data-filename=\"23-800x600.jpg\" data-slide-type=\"image\"><img loading=\"lazy\" decoding=\"async\" src=\"https:\/\/www.ludwigdove.de\/wp-content\/uploads\/2020\/06\/23-800x600.jpg\" height=\"600\" width=\"800\" alt=\"\" class=\"slider-188 slide-233 msDefaultImage\" title=\"23\" \/><div class=\"caption-wrap\"><div class=\"caption\">Komplettes Abdecken des KFZ und nochmalige Reinigung der Fl\u00e4che.<\/div><\/div><\/li>\n                <li style=\"display: none; width: 100%;\" class=\"slide-235 ms-image \" aria-roledescription=\"slide\" data-date=\"2020-06-23 11:04:32\" data-filename=\"24-800x600.jpg\" data-slide-type=\"image\"><img loading=\"lazy\" decoding=\"async\" src=\"https:\/\/www.ludwigdove.de\/wp-content\/uploads\/2020\/06\/24-800x600.jpg\" height=\"600\" width=\"800\" alt=\"\" class=\"slider-188 slide-235 msDefaultImage\" title=\"24\" \/><div class=\"caption-wrap\"><div class=\"caption\">Auftrag des zuvor ermittelten Farbton als Basislack.<\/div><\/div><\/li>\n                <li style=\"display: none; width: 100%;\" class=\"slide-237 ms-image \" aria-roledescription=\"slide\" data-date=\"2020-06-23 11:05:30\" data-filename=\"25-800x600.jpg\" data-slide-type=\"image\"><img loading=\"lazy\" decoding=\"async\" src=\"https:\/\/www.ludwigdove.de\/wp-content\/uploads\/2020\/06\/25-800x600.jpg\" height=\"600\" width=\"800\" alt=\"\" class=\"slider-188 slide-237 msDefaultImage\" title=\"25\" \/><div class=\"caption-wrap\"><div class=\"caption\">Schlu\u00dflackierung mit Klarlack.<\/div><\/div><\/li>\n                <li style=\"display: none; width: 100%;\" class=\"slide-239 ms-image \" aria-roledescription=\"slide\" data-date=\"2020-06-23 11:06:26\" data-filename=\"26-800x600.jpg\" data-slide-type=\"image\"><img loading=\"lazy\" decoding=\"async\" src=\"https:\/\/www.ludwigdove.de\/wp-content\/uploads\/2020\/06\/26-800x600.jpg\" height=\"600\" width=\"800\" alt=\"\" class=\"slider-188 slide-239 msDefaultImage\" title=\"26\" \/><div class=\"caption-wrap\"><div class=\"caption\">Ein perfektes Ergebnis!<\/div><\/div><\/li>\n            <\/ul>\n        <\/div>\n        \n    <\/div>\n<\/div><\/p>\n<p>&nbsp;<\/p>\n<p style=\"text-align: center;\"><div id=\"metaslider-id-147\" style=\"max-width: 800px; margin: 0 auto;\" class=\"ml-slider-3-106-0 metaslider metaslider-flex metaslider-147 ml-slider has-dots-nav ms-theme-default\" role=\"region\" aria-label=\"Beispiele\" data-height=\"600\" data-width=\"800\">\n    <div id=\"metaslider_container_147\">\n        <div id=\"metaslider_147\">\n            <ul class='slides'>\n                <li style=\"display: block; width: 100%;\" class=\"slide-149 ms-image \" aria-roledescription=\"slide\" data-date=\"2018-11-23 12:54:49\" data-filename=\"IMG_20180704_090115-1-800x600.jpg\" data-slide-type=\"image\"><img loading=\"lazy\" decoding=\"async\" src=\"https:\/\/www.ludwigdove.de\/wp-content\/uploads\/2018\/11\/IMG_20180704_090115-1-800x600.jpg\" height=\"600\" width=\"800\" alt=\"\" class=\"slider-147 slide-149 msDefaultImage\" title=\"sdr\" \/><\/li>\n                <li style=\"display: none; width: 100%;\" class=\"slide-153 ms-image \" aria-roledescription=\"slide\" data-date=\"2018-11-23 12:55:51\" data-filename=\"IMG_20180704_094324-e1584266120726.jpg\" data-slide-type=\"image\"><img loading=\"lazy\" decoding=\"async\" src=\"https:\/\/www.ludwigdove.de\/wp-content\/uploads\/2018\/11\/IMG_20180704_094324-e1584266120726.jpg\" height=\"600\" width=\"800\" alt=\"\" class=\"slider-147 slide-153 msDefaultImage\" title=\"sdr\" \/><\/li>\n                <li style=\"display: none; width: 100%;\" class=\"slide-155 ms-image \" aria-roledescription=\"slide\" data-date=\"2018-11-23 12:56:07\" data-filename=\"IMG_20180704_094501-800x600.jpg\" data-slide-type=\"image\"><img loading=\"lazy\" decoding=\"async\" src=\"https:\/\/www.ludwigdove.de\/wp-content\/uploads\/2018\/11\/IMG_20180704_094501-800x600.jpg\" height=\"600\" width=\"800\" alt=\"\" class=\"slider-147 slide-155 msDefaultImage\" title=\"cof\" \/><\/li>\n                <li style=\"display: none; width: 100%;\" class=\"slide-158 ms-image \" aria-roledescription=\"slide\" data-date=\"2018-11-23 12:57:00\" data-filename=\"IMG_20180704_094642-800x600.jpg\" data-slide-type=\"image\"><img loading=\"lazy\" decoding=\"async\" src=\"https:\/\/www.ludwigdove.de\/wp-content\/uploads\/2018\/11\/IMG_20180704_094642-800x600.jpg\" height=\"600\" width=\"800\" alt=\"\" class=\"slider-147 slide-158 msDefaultImage\" title=\"cof\" \/><\/li>\n                <li style=\"display: none; width: 100%;\" class=\"slide-159 ms-image \" aria-roledescription=\"slide\" data-date=\"2018-11-23 12:57:00\" data-filename=\"IMG_20170403_160254-800x600.jpg\" data-slide-type=\"image\"><img loading=\"lazy\" decoding=\"async\" src=\"https:\/\/www.ludwigdove.de\/wp-content\/uploads\/2018\/11\/IMG_20170403_160254-800x600.jpg\" height=\"600\" width=\"800\" alt=\"\" class=\"slider-147 slide-159 msDefaultImage\" title=\"cof\" \/><\/li>\n                <li style=\"display: none; width: 100%;\" class=\"slide-161 ms-image \" aria-roledescription=\"slide\" data-date=\"2018-11-23 12:57:11\" data-filename=\"IMG_20170405_142200-1-800x600.jpg\" data-slide-type=\"image\"><img loading=\"lazy\" decoding=\"async\" src=\"https:\/\/www.ludwigdove.de\/wp-content\/uploads\/2018\/11\/IMG_20170405_142200-1-800x600.jpg\" height=\"600\" width=\"800\" alt=\"\" class=\"slider-147 slide-161 msDefaultImage\" title=\"sdr\" \/><\/li>\n            <\/ul>\n        <\/div>\n        \n    <\/div>\n<\/div><\/p>\n<p><img loading=\"lazy\" decoding=\"async\" class=\" wp-image-51\" src=\"http:\/\/www.ludwigdove.de\/wp-content\/uploads\/2018\/11\/Dove-1-225x300.jpg\" alt=\"\" width=\"393\" height=\"524\" \/><\/p>\n<p>Schaden im Bereich der Heckklappe.<\/p>\n<p><img loading=\"lazy\" decoding=\"async\" class=\" wp-image-53\" src=\"http:\/\/www.ludwigdove.de\/wp-content\/uploads\/2018\/11\/IMG_20170213_172605-1-300x225.jpg\" alt=\"\" width=\"394\" height=\"296\" \/><\/p>\n<p>Ausgebeult und gespachtelt.<\/p>\n<p><img loading=\"lazy\" decoding=\"async\" class=\" wp-image-54\" src=\"http:\/\/www.ludwigdove.de\/wp-content\/uploads\/2018\/11\/IMG_20170216_112913-300x225.jpg\" alt=\"\" width=\"397\" height=\"298\" srcset=\"https:\/\/www.ludwigdove.de\/wp-content\/uploads\/2018\/11\/IMG_20170216_112913-300x225.jpg 300w, https:\/\/www.ludwigdove.de\/wp-content\/uploads\/2018\/11\/IMG_20170216_112913-768x576.jpg 768w, https:\/\/www.ludwigdove.de\/wp-content\/uploads\/2018\/11\/IMG_20170216_112913-1024x768.jpg 1024w, https:\/\/www.ludwigdove.de\/wp-content\/uploads\/2018\/11\/IMG_20170216_112913-600x450.jpg 600w\" sizes=\"auto, (max-width: 397px) 100vw, 397px\" \/><\/p>\n<p>Zustand nach Lackierung.<\/p>\n<p><img loading=\"lazy\" decoding=\"async\" class=\"alignnone wp-image-173\" src=\"http:\/\/www.ludwigdove.de\/wp-content\/uploads\/2020\/03\/21-300x225.jpg\" alt=\"\" width=\"389\" height=\"292\" \/> <img loading=\"lazy\" decoding=\"async\" class=\"alignnone wp-image-174\" src=\"http:\/\/www.ludwigdove.de\/wp-content\/uploads\/2020\/03\/31-300x225.jpg\" alt=\"\" width=\"388\" height=\"291\" \/><\/p>\n<p><img loading=\"lazy\" decoding=\"async\" class=\"alignnone wp-image-175\" src=\"http:\/\/www.ludwigdove.de\/wp-content\/uploads\/2020\/03\/4-300x225.jpg\" alt=\"\" width=\"389\" height=\"292\" \/> <img loading=\"lazy\" decoding=\"async\" class=\"alignnone wp-image-176\" src=\"http:\/\/www.ludwigdove.de\/wp-content\/uploads\/2020\/03\/5-300x225.jpeg\" alt=\"\" width=\"389\" height=\"292\" \/><\/p>\n<p><img loading=\"lazy\" decoding=\"async\" class=\"alignnone wp-image-177\" src=\"http:\/\/www.ludwigdove.de\/wp-content\/uploads\/2020\/03\/6-300x143.jpeg\" alt=\"\" width=\"388\" height=\"185\" \/> <img loading=\"lazy\" decoding=\"async\" class=\"alignnone wp-image-178\" src=\"http:\/\/www.ludwigdove.de\/wp-content\/uploads\/2020\/03\/index7-300x143.jpeg\" alt=\"\" width=\"386\" height=\"184\" \/><\/p>\n<p><img loading=\"lazy\" decoding=\"async\" class=\"alignnone size-medium wp-image-284\" src=\"http:\/\/www.ludwigdove.de\/wp-content\/uploads\/2024\/11\/1-226x300.jpg\" alt=\"\" width=\"226\" height=\"300\" srcset=\"https:\/\/www.ludwigdove.de\/wp-content\/uploads\/2024\/11\/1-226x300.jpg 226w, https:\/\/www.ludwigdove.de\/wp-content\/uploads\/2024\/11\/1-700x930.jpg 700w, https:\/\/www.ludwigdove.de\/wp-content\/uploads\/2024\/11\/1-768x1020.jpg 768w, https:\/\/www.ludwigdove.de\/wp-content\/uploads\/2024\/11\/1-1157x1536.jpg 1157w, https:\/\/www.ludwigdove.de\/wp-content\/uploads\/2024\/11\/1.jpg 1536w\" sizes=\"auto, (max-width: 226px) 100vw, 226px\" \/> <img loading=\"lazy\" decoding=\"async\" class=\"alignnone size-medium wp-image-285\" src=\"http:\/\/www.ludwigdove.de\/wp-content\/uploads\/2024\/11\/2-226x300.jpg\" alt=\"\" width=\"226\" height=\"300\" srcset=\"https:\/\/www.ludwigdove.de\/wp-content\/uploads\/2024\/11\/2-226x300.jpg 226w, https:\/\/www.ludwigdove.de\/wp-content\/uploads\/2024\/11\/2-700x930.jpg 700w, https:\/\/www.ludwigdove.de\/wp-content\/uploads\/2024\/11\/2-768x1020.jpg 768w, https:\/\/www.ludwigdove.de\/wp-content\/uploads\/2024\/11\/2-1157x1536.jpg 1157w, https:\/\/www.ludwigdove.de\/wp-content\/uploads\/2024\/11\/2.jpg 1536w\" sizes=\"auto, (max-width: 226px) 100vw, 226px\" \/><\/p>\n<p><img loading=\"lazy\" decoding=\"async\" class=\"alignnone size-medium wp-image-286\" src=\"http:\/\/www.ludwigdove.de\/wp-content\/uploads\/2024\/11\/3-226x300.jpg\" alt=\"\" width=\"226\" height=\"300\" srcset=\"https:\/\/www.ludwigdove.de\/wp-content\/uploads\/2024\/11\/3-226x300.jpg 226w, https:\/\/www.ludwigdove.de\/wp-content\/uploads\/2024\/11\/3-700x930.jpg 700w, https:\/\/www.ludwigdove.de\/wp-content\/uploads\/2024\/11\/3-768x1020.jpg 768w, https:\/\/www.ludwigdove.de\/wp-content\/uploads\/2024\/11\/3-1157x1536.jpg 1157w, https:\/\/www.ludwigdove.de\/wp-content\/uploads\/2024\/11\/3.jpg 1536w\" sizes=\"auto, (max-width: 226px) 100vw, 226px\" \/> <img loading=\"lazy\" decoding=\"async\" class=\"alignnone size-medium wp-image-287\" src=\"http:\/\/www.ludwigdove.de\/wp-content\/uploads\/2024\/11\/4-226x300.jpg\" alt=\"\" width=\"226\" height=\"300\" srcset=\"https:\/\/www.ludwigdove.de\/wp-content\/uploads\/2024\/11\/4-226x300.jpg 226w, https:\/\/www.ludwigdove.de\/wp-content\/uploads\/2024\/11\/4-700x930.jpg 700w, https:\/\/www.ludwigdove.de\/wp-content\/uploads\/2024\/11\/4-768x1020.jpg 768w, https:\/\/www.ludwigdove.de\/wp-content\/uploads\/2024\/11\/4-1157x1536.jpg 1157w, https:\/\/www.ludwigdove.de\/wp-content\/uploads\/2024\/11\/4.jpg 1536w\" sizes=\"auto, (max-width: 226px) 100vw, 226px\" \/><\/p>\n<p>Ausbeul Arbeiten an einem Heckdeckel.<\/p>\n<p>&nbsp;<\/p>\n","protected":false},"excerpt":{"rendered":"<p>Jeder Autofahrer\/in kennt das: Eine kleine Unachtsamkeit und der Schaden am Fahrzeug ist entstanden. Bei uns sind Sie in diesem<\/p>\n","protected":false},"author":1,"featured_media":0,"parent":0,"menu_order":0,"comment_status":"closed","ping_status":"closed","template":"","meta":{"footnotes":""},"class_list":["post-46","page","type-page","status-publish","hentry","comments-off"],"_links":{"self":[{"href":"https:\/\/www.ludwigdove.de\/index.php?rest_route=\/wp\/v2\/pages\/46","targetHints":{"allow":["GET"]}}],"collection":[{"href":"https:\/\/www.ludwigdove.de\/index.php?rest_route=\/wp\/v2\/pages"}],"about":[{"href":"https:\/\/www.ludwigdove.de\/index.php?rest_route=\/wp\/v2\/types\/page"}],"author":[{"embeddable":true,"href":"https:\/\/www.ludwigdove.de\/index.php?rest_route=\/wp\/v2\/users\/1"}],"replies":[{"embeddable":true,"href":"https:\/\/www.ludwigdove.de\/index.php?rest_route=%2Fwp%2Fv2%2Fcomments&post=46"}],"version-history":[{"count":17,"href":"https:\/\/www.ludwigdove.de\/index.php?rest_route=\/wp\/v2\/pages\/46\/revisions"}],"predecessor-version":[{"id":288,"href":"https:\/\/www.ludwigdove.de\/index.php?rest_route=\/wp\/v2\/pages\/46\/revisions\/288"}],"wp:attachment":[{"href":"https:\/\/www.ludwigdove.de\/index.php?rest_route=%2Fwp%2Fv2%2Fmedia&parent=46"}],"curies":[{"name":"wp","href":"https:\/\/api.w.org\/{rel}","templated":true}]}}